{"id":537,"date":"2023-09-13T11:41:58","date_gmt":"2023-09-13T09:41:58","guid":{"rendered":"http:\/\/quas.at\/?page_id=537"},"modified":"2025-06-05T17:02:17","modified_gmt":"2025-06-05T15:02:17","slug":"impressum","status":"publish","type":"page","link":"https:\/\/quas.at\/en\/impressum\/","title":{"rendered":"Impressum"},"content":{"rendered":"<p>[et_pb_section fb_built=&#8221;1&#8243; _builder_version=&#8221;4.22.1&#8243; _module_preset=&#8221;default&#8221; global_colors_info=&#8221;{}&#8221;][et_pb_row _builder_version=&#8221;4.22.1&#8243; _module_preset=&#8221;default&#8221; global_colors_info=&#8221;{}&#8221;][et_pb_column type=&#8221;4_4&#8243; _builder_version=&#8221;4.22.1&#8243; _module_preset=&#8221;default&#8221; global_colors_info=&#8221;{}&#8221;][et_pb_text _builder_version=&#8221;4.22.1&#8243; _module_preset=&#8221;default&#8221; text_font=&#8221;Raleway|300||on|||||&#8221; text_font_size=&#8221;90px&#8221; header_2_text_align=&#8221;center&#8221; header_3_font=&#8221;|||on|||||&#8221; header_3_text_align=&#8221;left&#8221; header_3_text_color=&#8221;#000000&#8243; header_3_font_size=&#8221;50px&#8221; custom_margin=&#8221;||21px|||&#8221; custom_margin_tablet=&#8221;||3%||false|false&#8221; custom_margin_phone=&#8221;||3%||false|false&#8221; custom_margin_last_edited=&#8221;on|desktop&#8221; custom_padding=&#8221;||34px|||&#8221; text_font_size_tablet=&#8221;90px&#8221; text_font_size_phone=&#8221;50px&#8221; text_font_size_last_edited=&#8221;on|phone&#8221; header_3_font_size_tablet=&#8221;45px&#8221; header_3_font_size_phone=&#8221;28px&#8221; header_3_font_size_last_edited=&#8221;on|phone&#8221; locked=&#8221;off&#8221; global_colors_info=&#8221;{}&#8221;]<\/p>\n<p>Impressum<\/p>\n<p>[\/et_pb_text][et_pb_heading title=&#8221;DATENSCHUTZERKL\u00c4RUNG&#8221; _builder_version=&#8221;4.22.1&#8243; _module_preset=&#8221;default&#8221; title_font=&#8221;Raleway||||||||&#8221; title_font_size_tablet=&#8221;&#8221; title_font_size_phone=&#8221;20px&#8221; title_font_size_last_edited=&#8221;on|phone&#8221; global_colors_info=&#8221;{}&#8221;][\/et_pb_heading][et_pb_text _builder_version=&#8221;4.22.1&#8243; _module_preset=&#8221;default&#8221; text_font=&#8221;Gantari||||||||&#8221; text_letter_spacing=&#8221;0.6px&#8221; text_line_height=&#8221;24px&#8221; locked=&#8221;off&#8221; global_colors_info=&#8221;{}&#8221;]<\/p>\n<p><span>Zum Schutz ihrer Auftr\u00e4ge per Internetformular verwenden wir den Dienst reCAPTCHA des Unternehmens Google Inc. (Google). Die Abfrage dient der Unterscheidung, ob die Eingabe durch einen Menschen oder missbr\u00e4uchlich durch automatisierte, maschinelle Verarbeitung erfolgt. Die Abfrage schlie\u00dft den Versand der IP-Adresse und ggf. weiterer von Google f\u00fcr den Dienst reCAPTCHA ben\u00f6tigter Daten an Google ein.<\/span><br \/><span>Zu diesem Zweck wird Ihre Eingabe an Google \u00fcbermittelt und dort weiter verwendet. Ihre IP-Adresse wird von Google jedoch innerhalb von Mitgliedstaaten der Europ\u00e4ischen Union oder in anderen Vertragsstaaten des Abkommens \u00fcber den Europ\u00e4ischen Wirtschaftsraum zuvor gek\u00fcrzt. Nur in Ausnahmef\u00e4llen wird die volle IP-Adresse an einen Server von Google in den USA \u00fcbertragen und dort gek\u00fcrzt. Im Auftrag des Betreibers dieser Website wird Google diese Informationen benutzen, um Ihre Nutzung dieses Dienstes auszuwerten. Die im Rahmen von reCaptcha von Ihrem Browser \u00fcbermittelte IP-Adresse wird nicht mit anderen Daten von Google zusammengef\u00fchrt.<\/span><br \/><span>F\u00fcr diese Daten gelten die abweichenden Datenschutzbestimmungen des Unternehmens Google. Weitere Informationen zu den Datenschutzrichtlinien von Google finden Sie unter:\u00a0<\/span><a href=\"https:\/\/www.google.com\/intl\/de\/policies\/privacy\/\" target=\"_blank\" title=\"null\" rel=\"noopener noreferrer\">https:\/\/www.google.com\/intl\/de\/policies\/privacy\/<\/a><\/p>\n<p>[\/et_pb_text][\/et_pb_column][\/et_pb_row][et_pb_row column_structure=&#8221;1_3,1_3,1_3&#8243; _builder_version=&#8221;4.22.1&#8243; _module_preset=&#8221;default&#8221; global_colors_info=&#8221;{}&#8221;][et_pb_column type=&#8221;1_3&#8243; _builder_version=&#8221;4.22.1&#8243; _module_preset=&#8221;default&#8221; global_colors_info=&#8221;{}&#8221;][et_pb_text _builder_version=&#8221;4.22.1&#8243; _module_preset=&#8221;default&#8221; text_font=&#8221;Gantari||||||||&#8221; text_letter_spacing=&#8221;0.6px&#8221; text_line_height=&#8221;24px&#8221; locked=&#8221;off&#8221; global_colors_info=&#8221;{}&#8221;]<span>Firmenwortlaut: H. Quas GmbH<\/span><br \/>\n<span>Firmensitz: Gumpendorfer Stra\u00dfe 16 1060 Wien<\/span><br \/>\n<span>Kontakt:<br \/>\nTel. +43 1 586 23565<br \/>\nFax +43 1 586 0234\u00a0<\/span><br \/>\n<a href=\"mailto:office@quas.at\" target=\"_self\" title=\"null\" rel=\"noopener noreferrer\">office@quas.at<\/a><span>\u00a0<\/span><a href=\"http:\/\/www.quas.at\/\" target=\"_blank\" title=\"null\" rel=\"noopener noreferrer\">www.quas.at<\/a><br \/>\n<span> Opening hours:<br \/>\nMon by appointment<br \/>\nTue &#8211; Fri 10:00 &#8211; 18:30 \/  Sat 10:00 &#8211; 16:00 <\/span>[\/et_pb_text][\/et_pb_column][et_pb_column type=&#8221;1_3&#8243; _builder_version=&#8221;4.22.1&#8243; _module_preset=&#8221;default&#8221; global_colors_info=&#8221;{}&#8221;][et_pb_text _builder_version=&#8221;4.22.1&#8243; _module_preset=&#8221;default&#8221; text_font=&#8221;Gantari||||||||&#8221; text_letter_spacing=&#8221;0.6px&#8221; text_line_height=&#8221;24px&#8221; locked=&#8221;off&#8221; global_colors_info=&#8221;{}&#8221;]<\/p>\n<p><span>Bankverbindung: Bank Austria, BLZ 12000 Konto ltd. auf H. Quas GmbH<br \/>\nKontonummer: 00672 033800<br \/>\nIBAN: AT50 12 0000 06720 33800<br \/>\nBIC: BK AUAT WW<\/span><br \/><span>UID-Nummer: ATU 1462 8401<\/span><br \/><span>Firmenbuchnummer: 120 774i<\/span><br \/><span>Firmenbuchgericht: Handelsgericht Wien<\/span><br \/><span>Berufsgruppe: Handel<\/span><\/p>\n<p>[\/et_pb_text][\/et_pb_column][et_pb_column type=&#8221;1_3&#8243; _builder_version=&#8221;4.22.1&#8243; _module_preset=&#8221;default&#8221; global_colors_info=&#8221;{}&#8221;][et_pb_text _builder_version=&#8221;4.22.1&#8243; _module_preset=&#8221;default&#8221; text_font=&#8221;Gantari||||||||&#8221; text_letter_spacing=&#8221;0.6px&#8221; text_line_height=&#8221;24px&#8221; hover_enabled=&#8221;0&#8243; locked=&#8221;off&#8221; global_colors_info=&#8221;{}&#8221; sticky_enabled=&#8221;0&#8243;]<\/p>\n<p><span>Lager: Spedition Ri-Light Sofie-Lazarsfeld-Stra\u00dfe 6 1100 Wien<br \/>+43 1 662 112 122<\/span><br \/><span>Anlieferzeiten:<br \/>Mo-Do 7:00-16:30 Fr: 7:00-11:30<\/span><br \/><span>Kontakt Lager: Hr. Boder<br \/>Tel. +43 (0) 664 8844 6633<\/span><br \/><span>Fotos 2023, 2024: <\/span><span><a href=\"http:\/\/www.gregorhofbauer.com\/\" target=\"_blank\" rel=\"noopener\">www.gregorhofbauer.com<\/a><br \/>Fotos 2018: <a href=\"http:\/\/www.franziskaliepe.com\/\" target=\"_blank\" title=\"null\" rel=\"noopener noreferrer\">www.franziskaliepe.com<\/a><br \/>Graphic Design: <\/span><a href=\"https:\/\/www.mmcompany.eu\/\" target=\"_blank\" title=\"null\" rel=\"noopener noreferrer\">www.mmcompany.eu<\/a><\/p>\n<p>[\/et_pb_text][\/et_pb_column][\/et_pb_row][et_pb_row _builder_version=&#8221;4.22.1&#8243; _module_preset=&#8221;default&#8221; global_colors_info=&#8221;{}&#8221;][et_pb_column type=&#8221;4_4&#8243; _builder_version=&#8221;4.22.1&#8243; _module_preset=&#8221;default&#8221; global_colors_info=&#8221;{}&#8221;][et_pb_text _builder_version=&#8221;4.22.1&#8243; _module_preset=&#8221;default&#8221; global_colors_info=&#8221;{}&#8221;]<\/p>\n<div class=\"s-project-task__tasklist\">\n<div class=\"s-project-task__tasks-container tasks-container\">\n<div class=\"w-task-row isMainTask w-task-row--fullpage border--none w-task-row--flat has-description-collapsed\" data-bind=\" \t\t\tcss: { \t\t\t\t'isMainTask': $component.isMainTask,                 'isEditing': task.isEditMode, \t\t\t\t'w-task-row--fullpage': $component.isMainTask || $component.isFullPage, \t\t\t\t'w-task-row--editing': task.isEditMode, \t\t\t\t'completed': task.status()=='completed' &amp;&amp; !inCompletedList, \t\t\t\t'w-task-row--complete': task.status()=='completed' &amp;&amp; !inCompletedList, \t\t\t\t'border--none': app.currentRoute().itemId &amp;&amp; app.currentRoute().itemId == task.id(), \t\t\t\t'w-task-row--quick-view': $component.isQuickView,                 'w-task-row--flat': ($component.mode == 'flat' || $component.isFilteredTemplate || $component.isMainTask),                 'has-description-collapsed': task.displayPreferences.isDisplayingDescription()             },             event: { mouseenter: app.onMouseOverTask, mouseleave: app.onMouseOutTask }, \t\t\tvisible:showIt\">\n<div class=\"w-task-row__description-hold clearfix\" data-bind=\"event:{dblclick:$component.OnEditDescription}\">\n<div class=\"w-task-row__description-body-base\" data-bind=\"marked: task.description, visible: task.displayPreferences.isDisplayingDescription\">\n<div class=\"h-typo-formatting \">\n<p>Datenschutzerkl\u00e4rung:<br \/><a href=\"http:\/\/quas.at\/wp-content\/uploads\/2023\/09\/datenschutz.pdf\" target=\"_blank\" rel=\"noopener\">PDF \u00f6ffnen<\/a><\/p>\n<p>&nbsp;<\/p>\n<p><span>Webdesign &amp; Technische Realisierung:<\/span><br \/><span>MM Company<\/span><br \/><a href=\"https:\/\/www.mmcompany.eu\/\" target=\"_blank\" rel=\"noopener noreferrer\">https:\/\/www.mmcompany.eu<\/a><\/p>\n<\/div>\n<\/div>\n<\/div>\n<\/div>\n<\/div>\n<\/div>\n<p>[\/et_pb_text][\/et_pb_column][\/et_pb_row][\/et_pb_section]<\/p>\n","protected":false},"excerpt":{"rendered":"<p>ImpressumZum Schutz ihrer Auftr\u00e4ge per Internetformular verwenden wir den Dienst reCAPTCHA des Unternehmens Google Inc. (Google). Die Abfrage dient der Unterscheidung, ob die Eingabe durch einen Menschen oder missbr\u00e4uchlich durch automatisierte, maschinelle Verarbeitung erfolgt. Die Abfrage schlie\u00dft den Versand der IP-Adresse und ggf. weiterer von Google f\u00fcr den Dienst reCAPTCHA ben\u00f6tigter Daten an Google ein.Zu [&hellip;]<\/p>\n","protected":false},"author":1,"featured_media":0,"parent":0,"menu_order":0,"comment_status":"closed","ping_status":"closed","template":"","meta":{"_et_pb_use_builder":"on","_et_pb_old_content":"","_et_gb_content_width":"","inline_featured_image":false,"footnotes":""},"class_list":["post-537","page","type-page","status-publish","hentry"],"yoast_head":"<!-- This site is optimized with the Yoast SEO plugin v22.3 - https:\/\/yoast.com\/wordpress\/plugins\/seo\/ -->\n<title>Impressum | Quas | Designerm\u00f6bel Wien<\/title>\n<meta name=\"robots\" content=\"index, follow, max-snippet:-1, max-image-preview:large, max-video-preview:-1\" \/>\n<link rel=\"canonical\" href=\"https:\/\/quas.at\/en\/impressum\/\" \/>\n<meta property=\"og:locale\" content=\"en_US\" \/>\n<meta property=\"og:type\" content=\"article\" \/>\n<meta property=\"og:title\" content=\"Impressum | Quas | Designerm\u00f6bel Wien\" \/>\n<meta property=\"og:description\" content=\"ImpressumZum Schutz ihrer Auftr\u00e4ge per Internetformular verwenden wir den Dienst reCAPTCHA des Unternehmens Google Inc. (Google). Die Abfrage dient der Unterscheidung, ob die Eingabe durch einen Menschen oder missbr\u00e4uchlich durch automatisierte, maschinelle Verarbeitung erfolgt. Die Abfrage schlie\u00dft den Versand der IP-Adresse und ggf. weiterer von Google f\u00fcr den Dienst reCAPTCHA ben\u00f6tigter Daten an Google ein.Zu [&hellip;]\" \/>\n<meta property=\"og:url\" content=\"https:\/\/quas.at\/en\/impressum\/\" \/>\n<meta property=\"og:site_name\" content=\"Quas | Designerm\u00f6bel Wien\" \/>\n<meta property=\"article:publisher\" content=\"https:\/\/www.facebook.com\/QUAS.Interior\/\" \/>\n<meta property=\"article:modified_time\" content=\"2025-06-05T15:02:17+00:00\" \/>\n<meta name=\"twitter:card\" content=\"summary_large_image\" \/>\n<meta name=\"twitter:label1\" content=\"Est. reading time\" \/>\n\t<meta name=\"twitter:data1\" content=\"3 minutes\" \/>\n<script type=\"application\/ld+json\" class=\"yoast-schema-graph\">{\"@context\":\"https:\/\/schema.org\",\"@graph\":[{\"@type\":\"WebPage\",\"@id\":\"https:\/\/quas.at\/en\/impressum\/\",\"url\":\"https:\/\/quas.at\/en\/impressum\/\",\"name\":\"Impressum | Quas | Designerm\u00f6bel Wien\",\"isPartOf\":{\"@id\":\"https:\/\/quas.at\/#website\"},\"datePublished\":\"2023-09-13T09:41:58+00:00\",\"dateModified\":\"2025-06-05T15:02:17+00:00\",\"breadcrumb\":{\"@id\":\"https:\/\/quas.at\/en\/impressum\/#breadcrumb\"},\"inLanguage\":\"en-US\",\"potentialAction\":[{\"@type\":\"ReadAction\",\"target\":[\"https:\/\/quas.at\/en\/impressum\/\"]}]},{\"@type\":\"BreadcrumbList\",\"@id\":\"https:\/\/quas.at\/en\/impressum\/#breadcrumb\",\"itemListElement\":[{\"@type\":\"ListItem\",\"position\":1,\"name\":\"Home\",\"item\":\"https:\/\/quas.at\/en\/\"},{\"@type\":\"ListItem\",\"position\":2,\"name\":\"Impressum\"}]},{\"@type\":\"WebSite\",\"@id\":\"https:\/\/quas.at\/#website\",\"url\":\"https:\/\/quas.at\/\",\"name\":\"Quas | Designerm\u00f6bel Wien\",\"description\":\"\",\"publisher\":{\"@id\":\"https:\/\/quas.at\/#organization\"},\"potentialAction\":[{\"@type\":\"SearchAction\",\"target\":{\"@type\":\"EntryPoint\",\"urlTemplate\":\"https:\/\/quas.at\/?s={search_term_string}\"},\"query-input\":\"required name=search_term_string\"}],\"inLanguage\":\"en-US\"},{\"@type\":\"Organization\",\"@id\":\"https:\/\/quas.at\/#organization\",\"name\":\"Designerm\u00f6bel Wien\",\"url\":\"https:\/\/quas.at\/\",\"logo\":{\"@type\":\"ImageObject\",\"inLanguage\":\"en-US\",\"@id\":\"https:\/\/quas.at\/#\/schema\/logo\/image\/\",\"url\":\"https:\/\/quas.at\/wp-content\/uploads\/2023\/09\/cropped-QUAS-fav.png\",\"contentUrl\":\"https:\/\/quas.at\/wp-content\/uploads\/2023\/09\/cropped-QUAS-fav.png\",\"width\":512,\"height\":512,\"caption\":\"Designerm\u00f6bel Wien\"},\"image\":{\"@id\":\"https:\/\/quas.at\/#\/schema\/logo\/image\/\"},\"sameAs\":[\"https:\/\/www.facebook.com\/QUAS.Interior\/\",\"https:\/\/www.instagram.com\/whoisquas\/\"]}]}<\/script>\n<!-- \/ Yoast SEO plugin. -->","yoast_head_json":{"title":"Impressum | Quas | Designerm\u00f6bel Wien","robots":{"index":"index","follow":"follow","max-snippet":"max-snippet:-1","max-image-preview":"max-image-preview:large","max-video-preview":"max-video-preview:-1"},"canonical":"https:\/\/quas.at\/en\/impressum\/","og_locale":"en_US","og_type":"article","og_title":"Impressum | Quas | Designerm\u00f6bel Wien","og_description":"ImpressumZum Schutz ihrer Auftr\u00e4ge per Internetformular verwenden wir den Dienst reCAPTCHA des Unternehmens Google Inc. (Google). Die Abfrage dient der Unterscheidung, ob die Eingabe durch einen Menschen oder missbr\u00e4uchlich durch automatisierte, maschinelle Verarbeitung erfolgt. Die Abfrage schlie\u00dft den Versand der IP-Adresse und ggf. weiterer von Google f\u00fcr den Dienst reCAPTCHA ben\u00f6tigter Daten an Google ein.Zu [&hellip;]","og_url":"https:\/\/quas.at\/en\/impressum\/","og_site_name":"Quas | Designerm\u00f6bel Wien","article_publisher":"https:\/\/www.facebook.com\/QUAS.Interior\/","article_modified_time":"2025-06-05T15:02:17+00:00","twitter_card":"summary_large_image","twitter_misc":{"Est. reading time":"3 minutes"},"schema":{"@context":"https:\/\/schema.org","@graph":[{"@type":"WebPage","@id":"https:\/\/quas.at\/en\/impressum\/","url":"https:\/\/quas.at\/en\/impressum\/","name":"Impressum | Quas | Designerm\u00f6bel Wien","isPartOf":{"@id":"https:\/\/quas.at\/#website"},"datePublished":"2023-09-13T09:41:58+00:00","dateModified":"2025-06-05T15:02:17+00:00","breadcrumb":{"@id":"https:\/\/quas.at\/en\/impressum\/#breadcrumb"},"inLanguage":"en-US","potentialAction":[{"@type":"ReadAction","target":["https:\/\/quas.at\/en\/impressum\/"]}]},{"@type":"BreadcrumbList","@id":"https:\/\/quas.at\/en\/impressum\/#breadcrumb","itemListElement":[{"@type":"ListItem","position":1,"name":"Home","item":"https:\/\/quas.at\/en\/"},{"@type":"ListItem","position":2,"name":"Impressum"}]},{"@type":"WebSite","@id":"https:\/\/quas.at\/#website","url":"https:\/\/quas.at\/","name":"Quas | Designerm\u00f6bel Wien","description":"","publisher":{"@id":"https:\/\/quas.at\/#organization"},"potentialAction":[{"@type":"SearchAction","target":{"@type":"EntryPoint","urlTemplate":"https:\/\/quas.at\/?s={search_term_string}"},"query-input":"required name=search_term_string"}],"inLanguage":"en-US"},{"@type":"Organization","@id":"https:\/\/quas.at\/#organization","name":"Designerm\u00f6bel Wien","url":"https:\/\/quas.at\/","logo":{"@type":"ImageObject","inLanguage":"en-US","@id":"https:\/\/quas.at\/#\/schema\/logo\/image\/","url":"https:\/\/quas.at\/wp-content\/uploads\/2023\/09\/cropped-QUAS-fav.png","contentUrl":"https:\/\/quas.at\/wp-content\/uploads\/2023\/09\/cropped-QUAS-fav.png","width":512,"height":512,"caption":"Designerm\u00f6bel Wien"},"image":{"@id":"https:\/\/quas.at\/#\/schema\/logo\/image\/"},"sameAs":["https:\/\/www.facebook.com\/QUAS.Interior\/","https:\/\/www.instagram.com\/whoisquas\/"]}]}},"_links":{"self":[{"href":"https:\/\/quas.at\/en\/wp-json\/wp\/v2\/pages\/537","targetHints":{"allow":["GET"]}}],"collection":[{"href":"https:\/\/quas.at\/en\/wp-json\/wp\/v2\/pages"}],"about":[{"href":"https:\/\/quas.at\/en\/wp-json\/wp\/v2\/types\/page"}],"author":[{"embeddable":true,"href":"https:\/\/quas.at\/en\/wp-json\/wp\/v2\/users\/1"}],"replies":[{"embeddable":true,"href":"https:\/\/quas.at\/en\/wp-json\/wp\/v2\/comments?post=537"}],"version-history":[{"count":14,"href":"https:\/\/quas.at\/en\/wp-json\/wp\/v2\/pages\/537\/revisions"}],"predecessor-version":[{"id":1747,"href":"https:\/\/quas.at\/en\/wp-json\/wp\/v2\/pages\/537\/revisions\/1747"}],"wp:attachment":[{"href":"https:\/\/quas.at\/en\/wp-json\/wp\/v2\/media?parent=537"}],"curies":[{"name":"wp","href":"https:\/\/api.w.org\/{rel}","templated":true}]}}